{"id":27,"date":"2023-08-03T20:56:00","date_gmt":"2023-08-04T00:56:00","guid":{"rendered":"https:\/\/ilimay.cl\/wp\/?page_id=27"},"modified":"2023-08-11T21:44:06","modified_gmt":"2023-08-12T01:44:06","slug":"historia-de-ilimay","status":"publish","type":"page","link":"https:\/\/ilimay.cl\/wp\/historia-de-ilimay\/","title":{"rendered":"Historia de Ilimay"},"content":{"rendered":"\n<h2 class=\"wp-block-heading has-text-align-center\"><strong>Rese\u00f1a Hist\u00f3rica<\/strong><\/h2>\n\n\n\n<p>Cuando uno es parte de un lugar y quiere apreciar su valor, no solo monetario, debe conocer su historia, eso es lo que pretendemos con este breve relato:<\/p>\n\n\n\n<p><strong>Las Cruces<\/strong> pertenece a la comuna de El Tabo, proveniente del mapudung\u00fan Taf\u00fa que significa <strong>\u201cmorada de brujos\u201d,<\/strong> se emplaza 7&nbsp;km al sur de la ciudad de El Tabo, a 8&nbsp;km al norte de Cartagena&nbsp;y a 15&nbsp;km al norte del principal puerto de nuestro pa\u00eds (puerto de San Anonio) y forma parte del llamado <strong>\u201cLitoral de las Artes y los Poetas\u201d<\/strong> , espacio cultural de la costa central de Chile, junto al Oc\u00e9ano Pac\u00edfico, que se forja por los poetas de renombre mundial que vivieron ah\u00ed, como Pablo Neruda, Vicente Garc\u00eda Huidobro y Nicanor Parra<\/p>\n\n\n\n<p>El territorio del que hoy es parte Las Cruces estaba habitado antiguamente por diferentes grupos ind\u00edgenas de idioma mapuche. A la llegada de los primeros espa\u00f1oles y criollos, estas tierras eran de los&nbsp;<em>guachunde<\/em>&nbsp;(huachunde) o indios del&nbsp;<em>guach\u00fan<\/em>&nbsp;lo que vendr\u00eda a significar que eran un grupo \u201cproveniente de tierras altas\u201d (al sur de Melipilla).<\/p>\n\n\n\n<p>La leyenda del balneario cuenta que el <strong>nombre de Las Cruces<\/strong>, tiene su origen en un naufragio ocurrido frente a la playa de Las Salinas antes del 1900; en memoria de la tragedia se habr\u00edan colocado tres cruces, que a comienzos de siglo, debido a su mal estado, fueron reemplazadas por una sola por encargo Santos P\u00e9rez Eastman, vecino del lugar.<\/p>\n\n\n\n<p>Alrededor de 1925 se comienzan a nombrar dos barrios, <strong>Vaticano como el del Norte y Quirinal como el del Sur<\/strong>, diferenciados tanto por su emplazamiento, como por sus pr\u00e1cticas sociales y religiosas. En el <strong>barrio Vaticano<\/strong>, exist\u00edan varias capillas, el d\u00eda comenzaba muy temprano y el ba\u00f1o era en la playa de &#8220;Los Pescadores&#8221; o en &#8220;Las Salinas&#8221;, en las tardes se hac\u00edan paseos y reuniones, las cuales terminaban a la hora del rosario y despu\u00e9s de esto culminaban todas las actividades. En cambio, en el <strong>barrio Quirinal<\/strong> la vida comenzaba m\u00e1s tarde con el ba\u00f1o en la \u201cPlaya Blanca\u201d y en las tardes se paseaba y bailaba hasta la hora de comer. La arquitectura de los barrios Vaticano y Quirinal, contiene un sello particular y propio que destaca por su filiaci\u00f3n estil\u00edstica al &#8220;Stick style&#8221; y &#8220;Shingle Style&#8221;, de la escuela norteamericana y canalizada en Las Cruces por estos los arquitectos, Smith Solar y Hern\u00e1ndez, formados es Estados Unidos. Los valores que se identifican en los barrios son hist\u00f3ricos y sociales; urbanos y arquitect\u00f3nicos y ambientales.<\/p>\n\n\n\n<p>En el barrio Quirinal se encuentra emplazado el <strong>Condominio Ilimay Las Cruces,<\/strong> uno de los m\u00e1s hermosos lugares de la V Regi\u00f3n y porque no decirlo de nuestro pa\u00eds, para vivir, vacacionar o simplemente visitar, ya que cuenta con hermosos bosques, senderos para caminar en un entorno con una flora y fauna nativa, propia del lugar, este condominio fue inaugurado el a\u00f1o 1997. Las unidades habitacionales corresponden a 400 departamentos, todos con una maravillosa vista al mar y acceso directo a la playa. Todo este entorno \u00fanico, se ha logrado mantener en el tiempo gracias al esfuerzo de un grupo de copropietarios que con mucho trabajo, dedicaci\u00f3n y visi\u00f3n de futuro, ante la inminente quiebra de la empresa inmobiliaria encargada del proyecto, el a\u00f1o 2005 constituyeron una sociedad an\u00f3nima cerrada denominada <strong>\u201cSociedad de Copropitarios Complejo Tur\u00edstico Ilimay SA\u201d, <\/strong>cuyo objetivo fundamental, era la compra de los terrenos donde se emplazaban los edificios de departamentos y otros fuera del complejo, para evitar la compra de terrenos por externos con proyectos inmobiliarios que impactar\u00edan negativamente en la plusval\u00eca del bien ra\u00edz de cada uno de ellos, alterando el entorno, el medio ambiente, la tranquilidad y seguridad de nuestro h\u00e1bitat. Hay que destacar que de las 400 <strong>acciones emitidas denominadas tipo A<\/strong>, solo fueron adquiridas 280 (278 copropietarios), con valor de $2.300.000 c\/u, lo que oblig\u00f3 a emitir una segunda <strong>acci\u00f3n denominada B<\/strong> de $1.000.000, la que fue adquirida por 132 copropietarios, lo que sumado al <strong>pr\u00e9stamo<\/strong> de $1.000.0000 efectuado por 20 copropietarios, se logr\u00f3 finalmente reunir el dinero requerido y efectuar la tan ansiada compra en diciembre del 2007. El a\u00f1o 2015, los accionistas aprueban transformar la S.A. en una SpA, denomin\u00e1ndose <strong>\u201cSociedad de Copropitarios Complejo Tur\u00edstico Ilimay SpA\u201d o \u201cIlimay SpA\u201d,<\/strong><\/p>\n\n\n\n<p>Esperamos que lo comentado les permita tener una visi\u00f3n general de la historia del lugar y de la g\u00e9nesis de lo que es hoy Condominio Ilimay Las Cruces, gracias al esfuerzo y trabajo mancomunado de los 278 accionistas de Ilimay SpA.<\/p>\n\n\n\n<hr class=\"wp-block-separator has-text-color has-luminous-vivid-orange-color has-alpha-channel-opacity has-luminous-vivid-orange-background-color has-background\"\/>\n\n\n\n<div class=\"wp-block-columns is-layout-flex wp-container-core-columns-is-layout-9d6595d7 wp-block-columns-is-layout-flex\">\n<div class=\"wp-block-column is-layout-flow wp-block-column-is-layout-flow\">\n<h2 class=\"wp-block-heading has-text-align-center\">Video El monasterio de los padres Agustinos, construcci\u00f3n en 1912, parte 1 <\/h2>\n\n\n<div class=\"wp-block-image\">\n<figure class=\"aligncenter size-full is-resized\"><a href=\"https:\/\/web.facebook.com\/100004904802159\/videos\/1848859801954162\/\" target=\"_blank\" rel=\"noreferrer noopener\"><img loading=\"lazy\" decoding=\"async\" src=\"https:\/\/ilimay.cl\/wp\/wp-content\/uploads\/2023\/08\/monasterio-ilimay-1912.png\" alt=\"\" class=\"wp-image-165\" style=\"width:338px;height:685px\" width=\"338\" height=\"685\" srcset=\"https:\/\/ilimay.cl\/wp\/wp-content\/uploads\/2023\/08\/monasterio-ilimay-1912.png 338w, https:\/\/ilimay.cl\/wp\/wp-content\/uploads\/2023\/08\/monasterio-ilimay-1912-148x300.png 148w\" sizes=\"auto, (max-width: 338px) 100vw, 338px\" \/><\/a><\/figure>\n<\/div>\n\n\n<p class=\"has-text-align-center has-medium-font-size\"><strong><a href=\"https:\/\/web.facebook.com\/100004904802159\/videos\/1848859801954162\/\" data-type=\"link\" data-id=\"https:\/\/issuu.com\/lascruces\/docs\/revista_cultural_las_cruces_n__18\" target=\"_blank\" rel=\"noreferrer noopener\">Ver video<\/a><\/strong><\/p>\n<\/div>\n\n\n\n<div class=\"wp-block-column is-layout-flow wp-block-column-is-layout-flow\">\n<h2 class=\"wp-block-heading has-text-align-center\">Video El monasterio de los padres Agustinos, construcci\u00f3n en 1912, parte 2 <\/h2>\n\n\n<div class=\"wp-block-image\">\n<figure class=\"aligncenter size-full\"><a href=\"https:\/\/web.facebook.com\/100004904802159\/videos\/1849754545198021\/\" target=\"_blank\" rel=\"noreferrer noopener\"><img loading=\"lazy\" decoding=\"async\" width=\"337\" height=\"685\" src=\"https:\/\/ilimay.cl\/wp\/wp-content\/uploads\/2023\/08\/monasterio-ilimay-1912-2.png\" alt=\"\" class=\"wp-image-166\" srcset=\"https:\/\/ilimay.cl\/wp\/wp-content\/uploads\/2023\/08\/monasterio-ilimay-1912-2.png 337w, https:\/\/ilimay.cl\/wp\/wp-content\/uploads\/2023\/08\/monasterio-ilimay-1912-2-148x300.png 148w\" sizes=\"auto, (max-width: 337px) 100vw, 337px\" \/><\/a><\/figure>\n<\/div>\n\n\n<p class=\"has-text-align-center has-medium-font-size\"><strong><a href=\"https:\/\/web.facebook.com\/100004904802159\/videos\/1849754545198021\/\" data-type=\"link\" data-id=\"https:\/\/web.facebook.com\/100004904802159\/videos\/1849754545198021\/\" target=\"_blank\" rel=\"noreferrer noopener\">Ver video<\/a><\/strong><\/p>\n<\/div>\n<\/div>\n\n\n\n<hr class=\"wp-block-separator has-text-color has-luminous-vivid-orange-color has-alpha-channel-opacity has-luminous-vivid-orange-background-color has-background\"\/>\n\n\n\n<h2 class=\"wp-block-heading has-text-align-center\">Revista cultural Las Cruces<\/h2>\n\n\n<div class=\"wp-block-image\">\n<figure class=\"aligncenter\"><a href=\"https:\/\/issuu.com\/lascruces\/docs\/revista_cultural_las_cruces_n__18\" target=\"_blank\" rel=\"noreferrer noopener\"><img loading=\"lazy\" decoding=\"async\" width=\"734\" height=\"952\" src=\"https:\/\/ilimay.cl\/wp\/wp-content\/uploads\/2023\/08\/Revista-cultural-lascruces.png\" alt=\"\" class=\"wp-image-159\" srcset=\"https:\/\/ilimay.cl\/wp\/wp-content\/uploads\/2023\/08\/Revista-cultural-lascruces.png 734w, https:\/\/ilimay.cl\/wp\/wp-content\/uploads\/2023\/08\/Revista-cultural-lascruces-231x300.png 231w\" sizes=\"auto, (max-width: 734px) 100vw, 734px\" \/><\/a><\/figure>\n<\/div>\n\n\n<p class=\"has-text-align-center has-x-large-font-size\"><strong><a href=\"https:\/\/issuu.com\/lascruces\/docs\/revista_cultural_las_cruces_n__18\" data-type=\"link\" data-id=\"https:\/\/issuu.com\/lascruces\/docs\/revista_cultural_las_cruces_n__18\" target=\"_blank\" rel=\"noreferrer noopener\">Ver revista<\/a><\/strong><\/p>\n","protected":false},"excerpt":{"rendered":"<p>Rese\u00f1a Hist\u00f3rica Cuando uno es parte de un lugar y quiere apreciar su valor, no solo monetario, debe conocer su historia, eso es lo que pretendemos con este breve relato: Las Cruces pertenece a la comuna de El Tabo, proveniente del mapudung\u00fan Taf\u00fa que significa \u201cmorada de brujos\u201d, se emplaza 7&nbsp;km al sur de la &hellip; <a href=\"https:\/\/ilimay.cl\/wp\/historia-de-ilimay\/\" class=\"more-link\">Continue reading <span class=\"screen-reader-text\">Historia de Ilimay<\/span><\/a><\/p>\n","protected":false},"author":1,"featured_media":0,"parent":0,"menu_order":0,"comment_status":"closed","ping_status":"closed","template":"","meta":{"footnotes":""},"class_list":["post-27","page","type-page","status-publish","hentry"],"_links":{"self":[{"href":"https:\/\/ilimay.cl\/wp\/wp-json\/wp\/v2\/pages\/27","targetHints":{"allow":["GET"]}}],"collection":[{"href":"https:\/\/ilimay.cl\/wp\/wp-json\/wp\/v2\/pages"}],"about":[{"href":"https:\/\/ilimay.cl\/wp\/wp-json\/wp\/v2\/types\/page"}],"author":[{"embeddable":true,"href":"https:\/\/ilimay.cl\/wp\/wp-json\/wp\/v2\/users\/1"}],"replies":[{"embeddable":true,"href":"https:\/\/ilimay.cl\/wp\/wp-json\/wp\/v2\/comments?post=27"}],"version-history":[{"count":24,"href":"https:\/\/ilimay.cl\/wp\/wp-json\/wp\/v2\/pages\/27\/revisions"}],"predecessor-version":[{"id":174,"href":"https:\/\/ilimay.cl\/wp\/wp-json\/wp\/v2\/pages\/27\/revisions\/174"}],"wp:attachment":[{"href":"https:\/\/ilimay.cl\/wp\/wp-json\/wp\/v2\/media?parent=27"}],"curies":[{"name":"wp","href":"https:\/\/api.w.org\/{rel}","templated":true}]}}